{"id":15,"date":"2020-07-28T10:40:04","date_gmt":"2020-07-28T08:40:04","guid":{"rendered":"https:\/\/www.u-pozzu.com\/?page_id=15"},"modified":"2023-05-24T13:04:53","modified_gmt":"2023-05-24T11:04:53","slug":"datenschutzrichtlinie","status":"publish","type":"page","link":"https:\/\/www.u-pozzu.com\/de\/politique-de-confidentialite\/","title":{"rendered":"Datenschutzrichtlinie"},"content":{"rendered":"<div data-elementor-type=\"wp-page\" data-elementor-id=\"15\" class=\"elementor elementor-15\" data-elementor-post-type=\"page\">\n\t\t\t\t\t\t<section class=\"elementor-section elementor-top-section elementor-element elementor-element-56061d1 elementor-section-boxed elementor-section-height-default elementor-section-height-default\" data-id=\"56061d1\" data-element_type=\"section\" data-e-type=\"section\">\n\t\t\t\t\t\t<div class=\"elementor-container elementor-column-gap-default\">\n\t\t\t\t\t<div class=\"elementor-column elementor-col-100 elementor-top-column elementor-element elementor-element-4ac62e5\" data-id=\"4ac62e5\" data-element_type=\"column\" data-e-type=\"column\">\n\t\t\t<div class=\"elementor-widget-wrap elementor-element-populated\">\n\t\t\t\t\t\t<div class=\"elementor-element elementor-element-9772790 elementor-widget elementor-widget-heading\" data-id=\"9772790\" data-element_type=\"widget\" data-e-type=\"widget\" data-widget_type=\"heading.default\">\n\t\t\t\t<div class=\"elementor-widget-container\">\n\t\t\t\t\t<h1 class=\"elementor-heading-title elementor-size-default\">Datenschutzrichtlinie<\/h1>\t\t\t\t<\/div>\n\t\t\t\t<\/div>\n\t\t\t\t<div class=\"elementor-element elementor-element-6b475fd elementor-widget elementor-widget-text-editor\" data-id=\"6b475fd\" data-element_type=\"widget\" data-e-type=\"widget\" data-widget_type=\"text-editor.default\">\n\t\t\t\t<div class=\"elementor-widget-container\">\n\t\t\t\t\t\t\t\t\t<h3>Allgemeine Informationen<br><\/h3>\n<p>Wenn Sie unsere Website besuchen, werden verschiedene Arten von Informationen gesammelt, darunter die IP-Adresse, von der aus Sie auf die Website zugreifen, die Version und der Typ des Browsers, mit dem Sie auf die Website zugreifen, das verwendete Betriebssystem, die Domains und die Uhrzeit der Anfrage. Diese Informationen erm\u00f6glichen es uns nicht, die Identit\u00e4t des Nutzers zu identifizieren, und das ist auch nicht unser Ziel. Wir verwenden die gesammelten Informationen ausschlie\u00dflich zu statistischen Zwecken, die es uns vor allem erm\u00f6glichen, den Inhalt und die Darstellung unserer Website zu verbessern. Bitte beachten Sie, dass wir zus\u00e4tzliche Daten wie Namen, Post- und E-Mail-Adressen sowie Telefonnummern sammeln k\u00f6nnen, die Sie uns freiwillig zur Verf\u00fcgung stellen, wenn Sie auf unserer Website surfen. Sie k\u00f6nnen auch unter Verwendung eines Pseudonyms oder anonymisierter Daten bezahlen und unsere Dienste in Anspruch nehmen, ohne uns die oben genannten personenbezogenen Daten mitzuteilen.<\/p>\n<h3>Cookies<br><\/h3>\n<p>Diese Website verwendet Cookies, um Daten zu sammeln, die f\u00fcr statistische Zwecke verwendet werden. Cookies sind kleine Dateien, die auf der Festplatte Ihres Computers gespeichert werden; wenn Sie auf unserer Website surfen, \u00fcberwachen sie Ihre Aktivit\u00e4ten und liefern uns so Schl\u00fcsseldaten, mit denen wir Ihnen die Navigation erleichtern k\u00f6nnen. Wenn Cookies auf Ihrem Computer gespeichert sind, m\u00fcssen Sie nicht jedes Mal, wenn Sie diese Website besuchen, alle f\u00fcr den Zugriff auf diese Website erforderlichen Daten eingeben. Diese Daten erm\u00f6glichen es uns, unsere Website an Ihren Geschmack und Ihre Bed\u00fcrfnisse anzupassen; dies ist Teil unserer Bem\u00fchungen, Ihnen einen reibungslosen Zugang zu unseren Seiten und Diensten zu erm\u00f6glichen. Wenn Sie nicht m\u00f6chten, dass Cookies auf Ihrem Computer gespeichert werden, k\u00f6nnen Sie mithilfe der Browsereinstellungen die Cookies von unserer Seite blockieren. Um zu erfahren, wie Sie Ihren Browser bez\u00fcglich der Verwaltung von Cookies konfigurieren, besuchen Sie bitte das Hilfecenter Ihres Browsers. Sie k\u00f6nnen bereits auf Ihrem Computer gespeicherte Cookies l\u00f6schen, wenn Sie dies w\u00fcnschen. Bitte beachten Sie, dass das Blockieren von Cookies den Zugang zu bestimmten Funktionen unserer Website einschr\u00e4nken und zu einer geringeren Benutzerfreundlichkeit f\u00fchren kann.<\/p>\n<h3>Weitergabe von Daten an Dritte<br><\/h3>\n<p>Sofern in dieser Erkl\u00e4rung nicht anders angegeben, werden alle Daten, die Sie mit uns teilen oder die wir von Ihnen erheben, wenn Sie auf unserer Website surfen, geheim gehalten und nicht an Dritte weitergegeben, es sei denn, dies ist gesetzlich vorgeschrieben oder die Daten m\u00fcssen zum Zweck der Erf\u00fcllung des Vertragsverh\u00e4ltnisses, das Sie eingegangen sind, weitergegeben werden. Dritte Unternehmen und Partner, darunter Online-Zahlungsunternehmen, haben nur dann Zugang zu diesen Daten, wenn dies f\u00fcr die Bearbeitung Ihrer Bestellung erforderlich ist. In diesen F\u00e4llen stellen wir sicher, dass der Rahmen der Daten\u00fcbermittlung auf dem vereinbarten wesentlichen Minimum gehalten wird. Wir schreiben au\u00dferdem eine strenge Datenschutzrichtlinie f\u00fcr personenbezogene Daten vor, die Sie uns zur Verf\u00fcgung stellen oder die wir finden. Indem wir diese Richtlinien befolgen, halten wir uns an die Bestimmungen der Datenschutzgesetze. Bitte beachten Sie, dass wir nicht f\u00fcr Daten verantwortlich sind, die Sie an andere Dienstleister weitergeben. Wir ergreifen lediglich Ma\u00dfnahmen, um sicherzustellen, dass alle Daten \u00fcber Sie, die von anderen Dienstleistern weitergegeben werden, in \u00dcbereinstimmung mit den Anforderungen der Datenschutz- und Privatsph\u00e4regesetze weitergegeben werden, wie sie in unserer Datenschutzrichtlinie aufgef\u00fchrt sind.<\/p>\n<h3>Google Analytics<br><\/h3>\n<p>Diese Website benutzt Google Analytics, einen von Google betriebenen Analysedienst, der Websites dabei hilft, zu verstehen, wie sie ihre Seiten personalisieren k\u00f6nnen, um die Nutzererfahrung zu verbessern. Dieser Dienst verwendet Cookies, um Ihre Aktionen zu verfolgen, einschlie\u00dflich der Zeit, die Sie auf unserer Website verbringen, und der Seiten, die Sie besuchen. Bitte beachten Sie, dass durch die Nutzung unseres Google Analytics-Kontos keine Ihrer pers\u00f6nlichen Daten erfasst werden, sodass wir nicht feststellen k\u00f6nnen, wer unsere Website besucht. Weitere Informationen zu Google Analytics finden Sie auf der offiziellen Seite.<\/p>\t\t\t\t\t\t\t\t<\/div>\n\t\t\t\t<\/div>\n\t\t\t\t\t<\/div>\n\t\t<\/div>\n\t\t\t\t\t<\/div>\n\t\t<\/section>\n\t\t\t\t<\/div>","protected":false},"excerpt":{"rendered":"<p>Politique de confidentialit\u00e9 Informations g\u00e9n\u00e9rales Lorsque vous visitez notre site Internet, diff\u00e9rents types d\u2019informations sont r\u00e9colt\u00e9s dont l\u2019adresse IP depuis laquelle vous acc\u00e9dez au site, la version et le type de navigateur utilis\u00e9s pour acc\u00e9der au site, le syst\u00e8me d\u2019exploitation utilis\u00e9, les domaines et l\u2019heure de la requ\u00eate. Ces informations ne nous permettent pas d\u2019identifier [&hellip;]<\/p>\n","protected":false},"author":2,"featured_media":0,"parent":0,"menu_order":0,"comment_status":"closed","ping_status":"closed","template":"","meta":{"_seopress_robots_primary_cat":"","_seopress_titles_title":"","_seopress_titles_desc":"","_seopress_robots_index":"","footnotes":""},"class_list":["post-15","page","type-page","status-publish","hentry"],"_links":{"self":[{"href":"https:\/\/www.u-pozzu.com\/de\/wp-json\/wp\/v2\/pages\/15","targetHints":{"allow":["GET"]}}],"collection":[{"href":"https:\/\/www.u-pozzu.com\/de\/wp-json\/wp\/v2\/pages"}],"about":[{"href":"https:\/\/www.u-pozzu.com\/de\/wp-json\/wp\/v2\/types\/page"}],"author":[{"embeddable":true,"href":"https:\/\/www.u-pozzu.com\/de\/wp-json\/wp\/v2\/users\/2"}],"replies":[{"embeddable":true,"href":"https:\/\/www.u-pozzu.com\/de\/wp-json\/wp\/v2\/comments?post=15"}],"version-history":[{"count":15,"href":"https:\/\/www.u-pozzu.com\/de\/wp-json\/wp\/v2\/pages\/15\/revisions"}],"predecessor-version":[{"id":2006,"href":"https:\/\/www.u-pozzu.com\/de\/wp-json\/wp\/v2\/pages\/15\/revisions\/2006"}],"wp:attachment":[{"href":"https:\/\/www.u-pozzu.com\/de\/wp-json\/wp\/v2\/media?parent=15"}],"curies":[{"name":"wp","href":"https:\/\/api.w.org\/{rel}","templated":true}]}}